{"id":802,"date":"2020-03-07T12:32:08","date_gmt":"2020-03-07T11:32:08","guid":{"rendered":"https:\/\/beerlipartner.ch\/site\/?page_id=802"},"modified":"2024-05-03T17:57:19","modified_gmt":"2024-05-03T15:57:19","slug":"home","status":"publish","type":"page","link":"https:\/\/beerlipartner.ch\/pt-br\/","title":{"rendered":"Home"},"content":{"rendered":"<section  class='av_textblock_section av-lv3k7lxl-b071f3ea2495e7e36544ed5bc0b1a7f9 '   itemscope=\"itemscope\" itemtype=\"https:\/\/schema.org\/CreativeWork\" ><div class='avia_textblock'  itemprop=\"text\" ><script id=\"confetti-trigger\">document.addEventListener( 'DOMContentLoaded', function( event ) { document.dispatchEvent( new CustomEvent( 'confetti' ) ); } );<\/script><!-- WPSunshine Confetti Shortcode -->\n<\/div><\/section>\n\n<style type=\"text\/css\" data-created_by=\"avia_inline_auto\" id=\"style-css-av-10bf2-041b58e49dcc935f70aab3bc594e5bb2\">\n#top .flex_column.av-10bf2-041b58e49dcc935f70aab3bc594e5bb2{\nmargin-top:20px;\nmargin-bottom:20px;\n}\n.flex_column.av-10bf2-041b58e49dcc935f70aab3bc594e5bb2{\nborder-radius:0px 0px 0px 0px;\npadding:0px 0px 0px 0px;\n}\n.responsive #top #wrap_all .flex_column.av-10bf2-041b58e49dcc935f70aab3bc594e5bb2{\nmargin-top:20px;\nmargin-bottom:20px;\n}\n<\/style>\n<div  class='flex_column av-10bf2-041b58e49dcc935f70aab3bc594e5bb2 av_two_third  avia-builder-el-1  el_after_av_textblock  el_before_av_image_hotspot  avia-builder-el-last  first flex_column_div av-hide-on-mobile av-zero-column-padding  column-top-margin'     ><section  class='av_textblock_section av-k7hrjdpb-28eedfc826304951d56486ebdd73d48a '   itemscope=\"itemscope\" itemtype=\"https:\/\/schema.org\/CreativeWork\" ><div class='avia_textblock headline_v1apt'  itemprop=\"text\" ><h1>Beerli &amp; Partner \u2013 A empresa su\u00ed\u00e7a de uma s\u00f3 fam\u00edlia para gest\u00e3o de bens<\/h1>\n<\/div><\/section><\/div>\n\n<style type=\"text\/css\" data-created_by=\"avia_inline_auto\" id=\"style-css-sub-av-3z79a-75b3529832b9f41e80007c187ae1a3ba\">\n.av-hotspot-image-container .av-image-hotspot.av-3jtee-3ee01f8e95adbaad8607f3e8b2a13e3b{\ntop:31.2%;\nleft:52.6%;\n}\n.av-hotspot-image-container .av-image-hotspot.av-3jtee-3ee01f8e95adbaad8607f3e8b2a13e3b .av-image-hotspot_inner{\nbackground-color:#064d80;\ncolor:#064d80;\n}\n.av-hotspot-image-container .av-image-hotspot.av-3jtee-3ee01f8e95adbaad8607f3e8b2a13e3b .av-image-hotspot-pulse{\nbackground-color:#ffffff;\n}\n.av-hotspot-image-container .av-image-hotspot.av-2nenm-f063e00736823ef0373ce74f5e9d0e2c{\ntop:38.9%;\nleft:22.8%;\n}\n.av-hotspot-image-container .av-image-hotspot.av-2nenm-f063e00736823ef0373ce74f5e9d0e2c .av-image-hotspot_inner{\nbackground-color:#004b85;\ncolor:#004b85;\n}\n.av-hotspot-image-container .av-image-hotspot.av-2nenm-f063e00736823ef0373ce74f5e9d0e2c .av-image-hotspot-pulse{\nbackground-color:#ffffff;\n}\n.av-hotspot-image-container .av-image-hotspot.av-1y996-3a0290c62660710c587badad5d3c7f4c{\ntop:60.5%;\nleft:52.2%;\n}\n.av-hotspot-image-container .av-image-hotspot.av-1y996-3a0290c62660710c587badad5d3c7f4c .av-image-hotspot_inner{\nbackground-color:#004b85;\ncolor:#004b85;\n}\n.av-hotspot-image-container .av-image-hotspot.av-1y996-3a0290c62660710c587badad5d3c7f4c .av-image-hotspot-pulse{\nbackground-color:#ffffff;\n}\n.av-hotspot-image-container .av-image-hotspot.av-1copm-cf25e455dd6f19b6622bf5ee5ea31d38{\ntop:71.8%;\nleft:17.7%;\n}\n.av-hotspot-image-container .av-image-hotspot.av-1copm-cf25e455dd6f19b6622bf5ee5ea31d38 .av-image-hotspot_inner{\nbackground-color:#004b85;\ncolor:#004b85;\n}\n.av-hotspot-image-container .av-image-hotspot.av-1copm-cf25e455dd6f19b6622bf5ee5ea31d38 .av-image-hotspot-pulse{\nbackground-color:#ffffff;\n}\n.av-hotspot-image-container .av-image-hotspot.av-tlfy-5b6ba2961e03dbb4a1be8160cccf1fa2{\ntop:72.4%;\nleft:71.9%;\n}\n.av-hotspot-image-container .av-image-hotspot.av-tlfy-5b6ba2961e03dbb4a1be8160cccf1fa2 .av-image-hotspot_inner{\nbackground-color:#004b85;\ncolor:#004b85;\n}\n.av-hotspot-image-container .av-image-hotspot.av-tlfy-5b6ba2961e03dbb4a1be8160cccf1fa2 .av-image-hotspot-pulse{\nbackground-color:#ffffff;\n}\n.av-hotspot-image-container .av-image-hotspot.av-tlfy-3-6d69752f6a50f5a720d6ee43a39e9db9{\ntop:18%;\nleft:72.4%;\n}\n.av-hotspot-image-container .av-image-hotspot.av-tlfy-3-6d69752f6a50f5a720d6ee43a39e9db9 .av-image-hotspot_inner{\nbackground-color:#004b85;\ncolor:#004b85;\n}\n.av-hotspot-image-container .av-image-hotspot.av-tlfy-3-6d69752f6a50f5a720d6ee43a39e9db9 .av-image-hotspot-pulse{\nbackground-color:#ffffff;\n}\n<\/style>\n<div  class='av-hotspot-image-container av-3z79a-75b3529832b9f41e80007c187ae1a3ba  avia-builder-el-3  el_after_av_two_third  el_before_av_one_full  hotspot1 av-small-hide av-mini-hide av-hotspot-blank  av-non-fullwidth-hotspot-image'  itemprop=\"image\" itemscope=\"itemscope\" itemtype=\"https:\/\/schema.org\/ImageObject\" ><div class='av-hotspot-container'><div class='av-hotspot-container-inner-cell'><div class='av-hotspot-container-inner-wrap'><div class='av-image-hotspot av-3jtee-3ee01f8e95adbaad8607f3e8b2a13e3b av-image-hotspot-1 ' data-avia-tooltip-position='right' data-avia-tooltip-alignment='top' data-avia-tooltip-class='av-tt-large-width av-tt-pos-right av-tt-align-top  main_color av-tooltip-shadow av-tt-hotspot' data-avia-tooltip='&lt;p class=&quot;hotspottxt&quot;&gt;Temos clientes de 21 pa\u00edses. A nossa equipe internacional que fala 6 idiomas lhe d\u00e1 assessoria.&lt;\/p&gt;\n&lt;p data-wp-editing=&quot;1&quot;&gt;&lt;img class=&quot;aligncenter size-full wp-image-1732&quot; src=&quot;https:\/\/beerlipartner.ch\/site\/wp-content\/uploads\/2021\/10\/bp_globe_anim_2021_adobeRGB1998_320x320.gif&quot; alt=&quot;&quot; width=&quot;320&quot; height=&quot;320&quot; \/&gt;&lt;\/p&gt;\n'><a href=https:\/\/beerlipartner.ch\/pt-br\/nossa-experiencia\/  class='av-image-hotspot_inner'>1<\/a><div class='av-image-hotspot-pulse'><\/div><\/div><div class='av-image-hotspot av-2nenm-f063e00736823ef0373ce74f5e9d0e2c av-image-hotspot-2 ' data-avia-tooltip-position='bottom' data-avia-tooltip-alignment='right' data-avia-tooltip-class='av-tt-large-width av-tt-pos-below av-tt-align-right  main_color av-tooltip-shadow av-tt-hotspot' data-avia-tooltip='&lt;p class=&quot;hotspottxt&quot;&gt;Estamos enraizados na Su\u00ed\u00e7a \u2013 em um pa\u00eds est\u00e1vel financeira, social e politicamente.&lt;\/p&gt;\n'><a href=https:\/\/beerlipartner.ch\/pt-br\/nossa-experiencia\/  class='av-image-hotspot_inner'>2<\/a><div class='av-image-hotspot-pulse'><\/div><\/div><div class='av-image-hotspot av-1y996-3a0290c62660710c587badad5d3c7f4c av-image-hotspot-3 ' data-avia-tooltip-position='right' data-avia-tooltip-alignment='centered' data-avia-tooltip-class='av-tt-large-width av-tt-pos-right av-tt-align-centered  main_color av-tooltip-shadow av-tt-hotspot' data-avia-tooltip='&lt;p class=&quot;hotspottxt&quot;&gt;N\u00f3s levamos em considera\u00e7\u00e3o as gera\u00e7\u00f5es futuras. Junto a n\u00f3s e aos nossos clientes.&lt;\/p&gt;\n'><a href=https:\/\/beerlipartner.ch\/pt-br\/nossa-experiencia\/  class='av-image-hotspot_inner'>3<\/a><div class='av-image-hotspot-pulse'><\/div><\/div><div class='av-image-hotspot av-1copm-cf25e455dd6f19b6622bf5ee5ea31d38 av-image-hotspot-4 ' data-avia-tooltip-position='left' data-avia-tooltip-alignment='bottom' data-avia-tooltip-class='av-tt-large-width av-tt-pos-left av-tt-align-bottom  main_color av-tooltip-shadow av-tt-hotspot' data-avia-tooltip='&lt;p class=&quot;hotspottxt&quot;&gt;Uma estrat\u00e9gia a longo prazo que garante que os bens sejam mantidos, com seguran\u00e7a, para as futuras gera\u00e7\u00f5es.&lt;\/p&gt;\n'><a href=https:\/\/beerlipartner.ch\/pt-br\/nossa-experiencia\/  class='av-image-hotspot_inner'>4<\/a><div class='av-image-hotspot-pulse'><\/div><\/div><div class='av-image-hotspot av-tlfy-5b6ba2961e03dbb4a1be8160cccf1fa2 av-image-hotspot-5 ' data-avia-tooltip-position='top' data-avia-tooltip-alignment='centered' data-avia-tooltip-class='av-tt-large-width av-tt-pos-above av-tt-align-centered  main_color av-tooltip-shadow av-tt-hotspot' data-avia-tooltip='&lt;p class=&quot;hotspottxt&quot;&gt;N\u00f3s n\u00e3o s\u00f3 amamos o nosso trabalho como tamb\u00e9m praticamos hobby com paix\u00e3o.&lt;\/p&gt;\n'><a href=https:\/\/beerlipartner.ch\/pt-br\/contato\/  class='av-image-hotspot_inner'>5<\/a><div class='av-image-hotspot-pulse'><\/div><\/div><div class='av-image-hotspot av-tlfy-3-6d69752f6a50f5a720d6ee43a39e9db9 av-image-hotspot-6 ' data-avia-tooltip-position='top' data-avia-tooltip-alignment='centered' data-avia-tooltip-class='av-tt-large-width av-tt-pos-above av-tt-align-centered  main_color av-tooltip-shadow av-tt-hotspot' data-avia-tooltip='&lt;p class=&quot;hotspottxt&quot;&gt;Celebramos com orgulho o nosso 25\u00ba anivers\u00e1rio e gostar\u00edamos de agradecer aos nossos clientes e parceiros pelos seus muitos anos de apoio\u00a0e\u00a0lealdade.&lt;\/p&gt;\n'><a href=https:\/\/beerlipartner.ch\/pt-br\/contato\/  class='av-image-hotspot_inner'>6<\/a><div class='av-image-hotspot-pulse'><\/div><\/div><img decoding=\"async\" fetchpriority=\"high\" class='wp-image-2248 avia-img-lazy-loading-not-2248 avia_image' src=\"https:\/\/beerlipartner.ch\/site\/wp-content\/uploads\/2024\/04\/BP_MOEBEL_Jubilaeum_AE_HD.gif\" alt='' title='BP_MOEBEL_Jubilaeum_AE_HD'  height=\"1584\" width=\"1920\"  itemprop=\"thumbnailUrl\"  \/><\/div><\/div><\/div><\/div>\n\n<style type=\"text\/css\" data-created_by=\"avia_inline_auto\" id=\"style-css-av-13znu-20705ab8ae3b7de88df4582a6d78204e\">\n#top .flex_column.av-13znu-20705ab8ae3b7de88df4582a6d78204e{\nmargin-top:-200px;\n}\n.flex_column.av-13znu-20705ab8ae3b7de88df4582a6d78204e{\nborder-radius:0px 0px 0px 0px;\npadding:0px 0px 0px 0px;\n}\n.responsive #top #wrap_all .flex_column.av-13znu-20705ab8ae3b7de88df4582a6d78204e{\nmargin-top:-200px;\n}\n<\/style>\n<div  class='flex_column av-13znu-20705ab8ae3b7de88df4582a6d78204e av_one_full  avia-builder-el-4  el_after_av_image_hotspot  el_before_av_image_hotspot  avia-builder-el-no-sibling  first flex_column_div av-zero-column-padding  '     ><section  class='av_textblock_section av-lv3i9n09-5e07d56180248a090a96316dd27eab98 '   itemscope=\"itemscope\" itemtype=\"https:\/\/schema.org\/CreativeWork\" ><div class='av-desktop-hide av-medium-hide avia_textblock headline_v1-mob'  itemprop=\"text\" ><h1>Beerli &amp; Partner \u2013 A empresa su\u00ed\u00e7a de uma s\u00f3 fam\u00edlia para gest\u00e3o de bens<\/h1>\n<\/div><\/section><\/div>\n\n<style type=\"text\/css\" data-created_by=\"avia_inline_auto\" id=\"style-css-sub-av-ku5bj1eo-bce0067a78b7041de7819f2ba5bcd156\">\n.av-hotspot-image-container .av-image-hotspot.av-ku5bjdj8-b187345d1169e61e17a0a9b29cf60590{\ntop:28.6%;\nleft:53.1%;\n}\n.av-hotspot-image-container .av-image-hotspot.av-ku5bjdj8-b187345d1169e61e17a0a9b29cf60590 .av-image-hotspot_inner{\nbackground-color:#064d80;\ncolor:#064d80;\n}\n.av-hotspot-image-container .av-image-hotspot.av-ku5bjdj8-b187345d1169e61e17a0a9b29cf60590 .av-image-hotspot-pulse{\nbackground-color:#ffffff;\n}\n.av-hotspot-image-container .av-image-hotspot.av-ku5bjoox-aac28d0d862128434b219747ddc571c6{\ntop:38.7%;\nleft:21.8%;\n}\n.av-hotspot-image-container .av-image-hotspot.av-ku5bjoox-aac28d0d862128434b219747ddc571c6 .av-image-hotspot_inner{\nbackground-color:#004b85;\ncolor:#004b85;\n}\n.av-hotspot-image-container .av-image-hotspot.av-ku5bjoox-aac28d0d862128434b219747ddc571c6 .av-image-hotspot-pulse{\nbackground-color:#ffffff;\n}\n.av-hotspot-image-container .av-image-hotspot.av-ku5bjxnw-0253f4e490b7f26b28a66428a7ab0016{\ntop:59.3%;\nleft:53.8%;\n}\n.av-hotspot-image-container .av-image-hotspot.av-ku5bjxnw-0253f4e490b7f26b28a66428a7ab0016 .av-image-hotspot_inner{\nbackground-color:#004b85;\ncolor:#004b85;\n}\n.av-hotspot-image-container .av-image-hotspot.av-ku5bjxnw-0253f4e490b7f26b28a66428a7ab0016 .av-image-hotspot-pulse{\nbackground-color:#ffffff;\n}\n.av-hotspot-image-container .av-image-hotspot.av-ku5bk5ha-ea2ff907b56fbd44418f17ecab71f337{\ntop:71.6%;\nleft:15.1%;\n}\n.av-hotspot-image-container .av-image-hotspot.av-ku5bk5ha-ea2ff907b56fbd44418f17ecab71f337 .av-image-hotspot_inner{\nbackground-color:#004b85;\ncolor:#004b85;\n}\n.av-hotspot-image-container .av-image-hotspot.av-ku5bk5ha-ea2ff907b56fbd44418f17ecab71f337 .av-image-hotspot-pulse{\nbackground-color:#ffffff;\n}\n.av-hotspot-image-container .av-image-hotspot.av-ku5bkfyl-71eb24ef315c8131fc2fc7cf518ab70a{\ntop:71.3%;\nleft:69.9%;\n}\n.av-hotspot-image-container .av-image-hotspot.av-ku5bkfyl-71eb24ef315c8131fc2fc7cf518ab70a .av-image-hotspot_inner{\nbackground-color:#004b85;\ncolor:#004b85;\n}\n.av-hotspot-image-container .av-image-hotspot.av-ku5bkfyl-71eb24ef315c8131fc2fc7cf518ab70a .av-image-hotspot-pulse{\nbackground-color:#ffffff;\n}\n.av-hotspot-image-container .av-image-hotspot.av-ku5bkfyl-2-5f234efef97d7a9cb30de3093d1e2dfc{\ntop:18.2%;\nleft:72.5%;\n}\n.av-hotspot-image-container .av-image-hotspot.av-ku5bkfyl-2-5f234efef97d7a9cb30de3093d1e2dfc .av-image-hotspot_inner{\nbackground-color:#004b85;\ncolor:#004b85;\n}\n.av-hotspot-image-container .av-image-hotspot.av-ku5bkfyl-2-5f234efef97d7a9cb30de3093d1e2dfc .av-image-hotspot-pulse{\nbackground-color:#ffffff;\n}\n<\/style>\n<div  class='av-hotspot-image-container av-ku5bj1eo-bce0067a78b7041de7819f2ba5bcd156  avia-builder-el-6  el_after_av_one_full  el_before_av_section  hotspot1 av-desktop-hide av-medium-hide av-hotspot-blank  av-non-fullwidth-hotspot-image'  itemprop=\"image\" itemscope=\"itemscope\" itemtype=\"https:\/\/schema.org\/ImageObject\" ><div class='av-hotspot-container'><div class='av-hotspot-container-inner-cell'><div class='av-hotspot-container-inner-wrap'><div class='av-image-hotspot av-ku5bjdj8-b187345d1169e61e17a0a9b29cf60590 av-image-hotspot-1 ' data-avia-tooltip-position='bottom' data-avia-tooltip-alignment='centered' data-avia-tooltip-class='av-tt-large-width av-tt-pos-below av-tt-align-centered  main_color av-tooltip-shadow av-tt-hotspot' data-avia-tooltip='&lt;p class=&quot;hotspottxt&quot;&gt;Temos clientes de 21 pa\u00edses. A nossa equipe internacional que fala 6 idiomas lhe d\u00e1 assessoria.&lt;\/p&gt;\n&lt;p&gt;&lt;img class=&quot;aligncenter size-full wp-image-1732&quot; src=&quot;https:\/\/beerlipartner.ch\/site\/wp-content\/uploads\/2021\/10\/bp_globe_anim_2021_adobeRGB1998_320x320.gif&quot; alt=&quot;&quot; width=&quot;320&quot; height=&quot;320&quot; \/&gt;&lt;\/p&gt;\n'><div class='av-image-hotspot_inner'>1<\/div><div class='av-image-hotspot-pulse'><\/div><\/div><div class='av-image-hotspot av-ku5bjoox-aac28d0d862128434b219747ddc571c6 av-image-hotspot-2 ' data-avia-tooltip-position='bottom' data-avia-tooltip-alignment='left' data-avia-tooltip-class='av-tt-large-width av-tt-pos-below av-tt-align-left  main_color av-tooltip-shadow av-tt-hotspot' data-avia-tooltip='&lt;p class=&quot;hotspottxt&quot;&gt;Estamos enraizados na Su\u00ed\u00e7a \u2013 em um pa\u00eds est\u00e1vel financeira, social e politicamente.&lt;\/p&gt;\n'><div class='av-image-hotspot_inner'>2<\/div><div class='av-image-hotspot-pulse'><\/div><\/div><div class='av-image-hotspot av-ku5bjxnw-0253f4e490b7f26b28a66428a7ab0016 av-image-hotspot-3 ' data-avia-tooltip-position='bottom' data-avia-tooltip-alignment='centered' data-avia-tooltip-class='av-tt-large-width av-tt-pos-below av-tt-align-centered  main_color av-tooltip-shadow av-tt-hotspot' data-avia-tooltip='&lt;p class=&quot;hotspottxt&quot;&gt;N\u00f3s levamos em considera\u00e7\u00e3o as gera\u00e7\u00f5es futuras. Junto a n\u00f3s e aos nossos clientes.&lt;\/p&gt;\n'><div class='av-image-hotspot_inner'>3<\/div><div class='av-image-hotspot-pulse'><\/div><\/div><div class='av-image-hotspot av-ku5bk5ha-ea2ff907b56fbd44418f17ecab71f337 av-image-hotspot-4 ' data-avia-tooltip-position='top' data-avia-tooltip-alignment='left' data-avia-tooltip-class='av-tt-large-width av-tt-pos-above av-tt-align-left  main_color av-tooltip-shadow av-tt-hotspot' data-avia-tooltip='&lt;p class=&quot;hotspottxt&quot;&gt;Uma estrat\u00e9gia a longo prazo que garante que os bens sejam mantidos, com seguran\u00e7a, para as futuras gera\u00e7\u00f5es.&lt;\/p&gt;\n'><div class='av-image-hotspot_inner'>4<\/div><div class='av-image-hotspot-pulse'><\/div><\/div><div class='av-image-hotspot av-ku5bkfyl-71eb24ef315c8131fc2fc7cf518ab70a av-image-hotspot-5 ' data-avia-tooltip-position='bottom' data-avia-tooltip-alignment='right' data-avia-tooltip-class='av-tt-large-width av-tt-pos-below av-tt-align-right  main_color av-tooltip-shadow av-tt-hotspot' data-avia-tooltip='&lt;p class=&quot;hotspottxt&quot;&gt;N\u00f3s n\u00e3o s\u00f3 amamos o nosso trabalho como tamb\u00e9m praticamos hobby com paix\u00e3o.&lt;\/p&gt;\n'><div class='av-image-hotspot_inner'>5<\/div><div class='av-image-hotspot-pulse'><\/div><\/div><div class='av-image-hotspot av-ku5bkfyl-2-5f234efef97d7a9cb30de3093d1e2dfc av-image-hotspot-6 ' data-avia-tooltip-position='bottom' data-avia-tooltip-alignment='right' data-avia-tooltip-class='av-tt-large-width av-tt-pos-below av-tt-align-right  main_color av-tooltip-shadow av-tt-hotspot' data-avia-tooltip='&lt;p class=&quot;hotspottxt&quot;&gt;Celebramos com orgulho o nosso 25\u00ba anivers\u00e1rio e gostar\u00edamos de agradecer aos nossos clientes e parceiros pelos seus muitos anos de apoio\u00a0e\u00a0lealdade.&lt;\/p&gt;\n'><div class='av-image-hotspot_inner'>6<\/div><div class='av-image-hotspot-pulse'><\/div><\/div><img decoding=\"async\" fetchpriority=\"high\" class='wp-image-2248 avia-img-lazy-loading-not-2248 avia_image' src=\"https:\/\/beerlipartner.ch\/site\/wp-content\/uploads\/2024\/04\/BP_MOEBEL_Jubilaeum_AE_HD.gif\" alt='' title='BP_MOEBEL_Jubilaeum_AE_HD'  height=\"1584\" width=\"1920\"  itemprop=\"thumbnailUrl\"  \/><\/div><\/div><\/div><\/div>\n\n<style type=\"text\/css\" data-created_by=\"avia_inline_auto\" id=\"style-css-av-bvbq-4461a5def57d5ee96b180ac4172c9db9\">\n.avia-section.av-bvbq-4461a5def57d5ee96b180ac4172c9db9{\nmargin-top:0px;\nmargin-bottom:0px;\n}\n<\/style>\n<div id='av_section_1'  class='avia-section av-bvbq-4461a5def57d5ee96b180ac4172c9db9 main_color avia-section-default avia-no-border-styling  avia-builder-el-7  el_after_av_image_hotspot  avia-builder-el-last  hometextde avia-bg-style-scroll container_wrap sidebar_right'  ><div class='container av-section-cont-open' ><div class='template-page content  av-content-small alpha units'><div class='post-entry post-entry-type-page post-entry-802'><div class='entry-content-wrapper clearfix'>\n\n<style type=\"text\/css\" data-created_by=\"avia_inline_auto\" id=\"style-css-av-10bf2-3-73a404d5d75c9c63360a6cdd8b020c6e\">\n#top .flex_column.av-10bf2-3-73a404d5d75c9c63360a6cdd8b020c6e{\nmargin-top:0px;\nmargin-bottom:40px;\n}\n.flex_column.av-10bf2-3-73a404d5d75c9c63360a6cdd8b020c6e{\nborder-radius:0px 0px 0px 0px;\npadding:0px 0px 0px 0px;\n}\n.responsive #top #wrap_all .flex_column.av-10bf2-3-73a404d5d75c9c63360a6cdd8b020c6e{\nmargin-top:0px;\nmargin-bottom:40px;\n}\n<\/style>\n<div  class='flex_column av-10bf2-3-73a404d5d75c9c63360a6cdd8b020c6e av_one_full  avia-builder-el-8  avia-builder-el-no-sibling  first flex_column_div av-zero-column-padding  '     ><style type=\"text\/css\" data-created_by=\"avia_inline_auto\" id=\"style-css-av-k7hrjvte-333755b28e6c217db5ab370802033091\">\n#top .av_textblock_section.av-k7hrjvte-333755b28e6c217db5ab370802033091 .avia_textblock{\nfont-size:17px;\n}\n\n@media only screen and (max-width: 479px){ \n#top .av_textblock_section.av-k7hrjvte-333755b28e6c217db5ab370802033091 .avia_textblock{\nfont-size:15px;\n}\n}\n<\/style>\n<section  class='av_textblock_section av-k7hrjvte-333755b28e6c217db5ab370802033091 '   itemscope=\"itemscope\" itemtype=\"https:\/\/schema.org\/CreativeWork\" ><div class='avia_textblock bptxt'  itemprop=\"text\" ><p><span class=\"redtitle\">Uma empresa familiar h\u00e1 gera\u00e7\u00f5es:<\/span><br \/>\nA administra\u00e7\u00e3o de bens est\u00e1 no sangue da Beerli &amp; Partner. Fundada em 1998 pelo pai de Roland Beerli, a suas tr\u00eas gera\u00e7\u00f5es de equipe acompanha os clientes j\u00e1 h\u00e1 mais de duas d\u00e9cadas. Esta continuidade na assessoria e no servi\u00e7o tem como resultado que os clientes confiam o seu patrim\u00f4nio \u00e0 Beerli &amp; Partner de forma que as gera\u00e7\u00f5es futuras seguramente o recebam. Investimentos em longo prazo constituem a base de uma pr\u00f3spera colabora\u00e7\u00e3o. Mantendo esta estrat\u00e9gia a Beerli &amp; Partner superou todas as crises at\u00e9 hoje \u2013 e os clientes aumentam o patrim\u00f4nio que podem deixar para a pr\u00f3xima gera\u00e7\u00e3o.<\/p>\n<p><span class=\"redtitle\">Globalmente ativos, especializados regionalmente, com ra\u00edzes locais:<\/span><br \/>\nOs nossos clientes v\u00eam de todo o mundo. Nossa empresa \u00e9 especializada, sobretudo em clientes da Am\u00e9rica do Sul e da Europa. Para assessorar os clientes contamos com uma equipe internacional, com experi\u00eancia no exterior, que lhes d\u00e3o suporte na sua l\u00edngua materna. A equipe \u00e9 a \u00fanica pessoa-contato para todos os assuntos financeiros \u2013 e al\u00e9m disso. Os nossos especialistas, os gestores de portf\u00f3lio e os gerentes de relacionamento ao cliente dedicam-se \u00e0 carteira de clientes de forma especial e individualizada. Assim sendo, eles garantem uma assessoria ampla e sob medida que ultrapassa fronteiras, 365 dias por ano.<\/p>\n<p><span class=\"redtitle\">Agrad\u00e1vel, confi\u00e1vel, transparente, profissional:<\/span><br \/>\nOs nossos clientes percebem que n\u00f3s interiorizamos tais valores. S\u00f3 atrav\u00e9s da uni\u00e3o \u00e9 poss\u00edvel ter sucesso. Como consegui-lo? Com a colabora\u00e7\u00e3o de funcion\u00e1rios competentes, com experi\u00eancia de muitos anos e fazendo um setup racionalizado que permita caminhos curtos para uma tomada de decis\u00f5es. Para tal contamos com uma ampla rede de parceria e uma grande paix\u00e3o pelo trabalho.<\/p>\n<\/div><\/section><\/div>\n<\/div><\/div><\/div><!-- close content main div --><\/div><\/div><div id='after_section_1'  class='main_color av_default_container_wrap container_wrap sidebar_right'  ><div class='container av-section-cont-open' ><div class='template-page content  av-content-small alpha units'><div class='post-entry post-entry-type-page post-entry-802'><div class='entry-content-wrapper clearfix'>\n","protected":false},"excerpt":{"rendered":"","protected":false},"author":1,"featured_media":0,"parent":0,"menu_order":1,"comment_status":"closed","ping_status":"closed","template":"","meta":{"footnotes":""},"class_list":["post-802","page","type-page","status-publish","hentry"],"_links":{"self":[{"href":"https:\/\/beerlipartner.ch\/pt-br\/wp-json\/wp\/v2\/pages\/802"}],"collection":[{"href":"https:\/\/beerlipartner.ch\/pt-br\/wp-json\/wp\/v2\/pages"}],"about":[{"href":"https:\/\/beerlipartner.ch\/pt-br\/wp-json\/wp\/v2\/types\/page"}],"author":[{"embeddable":true,"href":"https:\/\/beerlipartner.ch\/pt-br\/wp-json\/wp\/v2\/users\/1"}],"replies":[{"embeddable":true,"href":"https:\/\/beerlipartner.ch\/pt-br\/wp-json\/wp\/v2\/comments?post=802"}],"version-history":[{"count":0,"href":"https:\/\/beerlipartner.ch\/pt-br\/wp-json\/wp\/v2\/pages\/802\/revisions"}],"wp:attachment":[{"href":"https:\/\/beerlipartner.ch\/pt-br\/wp-json\/wp\/v2\/media?parent=802"}],"curies":[{"name":"wp","href":"https:\/\/api.w.org\/{rel}","templated":true}]}}