{"id":1067,"date":"2021-06-17T15:26:00","date_gmt":"2021-06-17T13:26:00","guid":{"rendered":"https:\/\/beerlipartner.ch\/site\/regulatorische-informationen\/"},"modified":"2026-04-22T18:39:49","modified_gmt":"2026-04-22T16:39:49","slug":"informacoes-regulamentares","status":"publish","type":"page","link":"https:\/\/beerlipartner.ch\/pt-br\/informacoes-regulamentares\/","title":{"rendered":"Informa\u00e7\u00f5es regulamentares"},"content":{"rendered":"\n<style type=\"text\/css\" data-created_by=\"avia_inline_auto\" id=\"style-css-av-10bf2-761231be5d4d566df3231f1fb9ed9faf\">\n#top .flex_column.av-10bf2-761231be5d4d566df3231f1fb9ed9faf{\nmargin-top:20px;\nmargin-bottom:20px;\n}\n.flex_column.av-10bf2-761231be5d4d566df3231f1fb9ed9faf{\nborder-radius:0px 0px 0px 0px;\npadding:0px 0px 0px 0px;\n}\n.responsive #top #wrap_all .flex_column.av-10bf2-761231be5d4d566df3231f1fb9ed9faf{\nmargin-top:20px;\nmargin-bottom:20px;\n}\n<\/style>\n<div  class='flex_column av-10bf2-761231be5d4d566df3231f1fb9ed9faf av_one_full  avia-builder-el-0  el_before_av_one_full  avia-builder-el-first  first flex_column_div av-zero-column-padding  '     ><section  class='av_textblock_section av-k7hrjdpb-11117a8556e81f999c9d2e33f8755d6c '   itemscope=\"itemscope\" itemtype=\"https:\/\/schema.org\/CreativeWork\" ><div class='avia_textblock headline_v1'  itemprop=\"text\" ><h1>Supervis\u00e3o<\/h1>\n<\/div><\/section><br \/>\n\n<style type=\"text\/css\" data-created_by=\"avia_inline_auto\" id=\"style-css-av-k7hrm02d-26391abed943e1959f3544c2940c5ec2\">\n#top .hr.hr-invisible.av-k7hrm02d-26391abed943e1959f3544c2940c5ec2{\nmargin-top:0px;\nheight:1px;\n}\n<\/style>\n<div  class='hr av-k7hrm02d-26391abed943e1959f3544c2940c5ec2 hr-invisible  avia-builder-el-2  el_after_av_textblock  el_before_av_textblock '><span class='hr-inner '><span class=\"hr-inner-style\"><\/span><\/span><\/div><br \/>\n<section  class='av_textblock_section av-l2ot3qff-01f58d0d7b36bf3f92e9adcdcad32647 '   itemscope=\"itemscope\" itemtype=\"https:\/\/schema.org\/CreativeWork\" ><div class='avia_textblock'  itemprop=\"text\" ><p>A B&amp;P Beerli &amp; Partner AG foi licenciada desde 22.04.2022 pela FINMA (Autoridade Federal de Supervis\u00e3o do Mercado Finan\u00e7eiro) como gestor de fundos nos termos do artigo 2 ponto 1 lit.a e artigo 5 ponto 1 da Lei Federal de 15 de Junho de 2018 sobre Institui\u00e7\u00f5es Financeiras (Lei das Institui\u00e7\u00f5es Financeiras, FINIG; SR 954.1).<\/p>\n<p>A B&amp;P Beerli &amp; Partner AG \u00e9 controlada pela organiza\u00e7\u00e3o de supervis\u00e3o OSFINcontrol AG.<\/p>\n<p>OSFINcontrol AG<br \/>\nGeneral-Guisan-Strasse 6<br \/>\nCH-6300 Zug<br \/>\nTelefon: +41 41 767 36 00<br \/>\nE-mail: <a href=\"mailto:info@osfincontrol.ch\">info@osfincontrol.ch<\/a><br \/>\nWebsite: <a href=\"http:\/\/www.osfincontrol.ch\/\">www.osfincontrol.ch<\/a><\/p>\n<\/div><\/section><br \/>\n\n<style type=\"text\/css\" data-created_by=\"avia_inline_auto\" id=\"style-css-av-k7hrm02d-7-d6ee1e03273e8298b071fd72ad2ff994\">\n#top .hr.hr-invisible.av-k7hrm02d-7-d6ee1e03273e8298b071fd72ad2ff994{\nheight:70px;\n}\n<\/style>\n<div  class='hr av-k7hrm02d-7-d6ee1e03273e8298b071fd72ad2ff994 hr-invisible  avia-builder-el-4  el_after_av_textblock  avia-builder-el-last '><span class='hr-inner '><span class=\"hr-inner-style\"><\/span><\/span><\/div><\/p><\/div>\n\n<style type=\"text\/css\" data-created_by=\"avia_inline_auto\" id=\"style-css-av-92fzt7-73f654163222eb961f4623d3fe30cf9c\">\n#top .flex_column.av-92fzt7-73f654163222eb961f4623d3fe30cf9c{\nmargin-top:20px;\nmargin-bottom:20px;\n}\n.flex_column.av-92fzt7-73f654163222eb961f4623d3fe30cf9c{\nborder-radius:0px 0px 0px 0px;\npadding:0px 0px 0px 0px;\n}\n.responsive #top #wrap_all .flex_column.av-92fzt7-73f654163222eb961f4623d3fe30cf9c{\nmargin-top:20px;\nmargin-bottom:20px;\n}\n<\/style>\n<div  class='flex_column av-92fzt7-73f654163222eb961f4623d3fe30cf9c av_one_full  avia-builder-el-5  el_after_av_one_full  el_before_av_one_full  first flex_column_div av-zero-column-padding  column-top-margin'     ><section  class='av_textblock_section av-7ht117-866e491dfd0781be68588e0dc818b903 '   itemscope=\"itemscope\" itemtype=\"https:\/\/schema.org\/CreativeWork\" ><div class='avia_textblock headline_v1'  itemprop=\"text\" ><h1>\u00d3rg\u00e3o de media\u00e7\u00e3o<\/h1>\n<\/div><\/section><br \/>\n\n<style type=\"text\/css\" data-created_by=\"avia_inline_auto\" id=\"style-css-av-6iz657-0cdbdd3ee823c7a96c9761dbfa3057ef\">\n#top .hr.hr-invisible.av-6iz657-0cdbdd3ee823c7a96c9761dbfa3057ef{\nmargin-top:0px;\nheight:1px;\n}\n<\/style>\n<div  class='hr av-6iz657-0cdbdd3ee823c7a96c9761dbfa3057ef hr-invisible  avia-builder-el-7  el_after_av_textblock  el_before_av_textblock '><span class='hr-inner '><span class=\"hr-inner-style\"><\/span><\/span><\/div><br \/>\n\n<style type=\"text\/css\" data-created_by=\"avia_inline_auto\" id=\"style-css-av-4b7xy3-bf3f7521bf4cb9a9a4b01dd31a1ec01a\">\n#top .av_textblock_section.av-4b7xy3-bf3f7521bf4cb9a9a4b01dd31a1ec01a .avia_textblock{\nfont-size:17px;\n}\n\n@media only screen and (max-width: 479px){ \n#top .av_textblock_section.av-4b7xy3-bf3f7521bf4cb9a9a4b01dd31a1ec01a .avia_textblock{\nfont-size:15px;\n}\n}\n<\/style>\n<section  class='av_textblock_section av-4b7xy3-bf3f7521bf4cb9a9a4b01dd31a1ec01a '   itemscope=\"itemscope\" itemtype=\"https:\/\/schema.org\/CreativeWork\" ><div class='avia_textblock bptxt'  itemprop=\"text\" ><p>Voc\u00ea acha que houve algum mal entendido ou n\u00e3o consegue entender uma decis\u00e3o? Caso n\u00e3o tenhamos conseguido lhe ajudar diretamente, o \u00f3rg\u00e3o de media\u00e7\u00e3o (FINOS) oferece uma ajuda independente e imparcial em todos os poss\u00edveis lit\u00edgios sobre direitos. Este \u00f3rg\u00e3o pode lhe prestar consultoria e analisar as suas exig\u00eancias.<\/p>\n<p>Dados sobre eventuais custos administrativos relacionados a processos de media\u00e7\u00e3o encontram-se no site da FINOS.<\/p>\n<p><span class=\"bptxtblue\">Finanzombudsstelle Schweiz (FINOS), Talstrasse 20, 8001 Zurique<br \/>\n+41 44 552 08 00, <a href=\"mailto:info@finos.ch\">info@finos.ch<\/a>, <a href=\"https:\/\/www.finos.ch\/\" target=\"_blank\" rel=\"noopener\">www.finos.ch<\/a><\/span><\/p>\n<\/div><\/section><br \/>\n\n<style type=\"text\/css\" data-created_by=\"avia_inline_auto\" id=\"style-css-av-2ik9nf-eab22d5beee02398ed9b9b7d3a0c0606\">\n#top .hr.hr-invisible.av-2ik9nf-eab22d5beee02398ed9b9b7d3a0c0606{\nheight:70px;\n}\n<\/style>\n<div  class='hr av-2ik9nf-eab22d5beee02398ed9b9b7d3a0c0606 hr-invisible  avia-builder-el-9  el_after_av_textblock  avia-builder-el-last '><span class='hr-inner '><span class=\"hr-inner-style\"><\/span><\/span><\/div><\/p><\/div>\n\n<style type=\"text\/css\" data-created_by=\"avia_inline_auto\" id=\"style-css-av-10bf2-9-2dd9ab82bdbd26845f4aeddde6c9c5b2\">\n#top .flex_column.av-10bf2-9-2dd9ab82bdbd26845f4aeddde6c9c5b2{\nmargin-top:20px;\nmargin-bottom:20px;\n}\n.flex_column.av-10bf2-9-2dd9ab82bdbd26845f4aeddde6c9c5b2{\nborder-radius:0px 0px 0px 0px;\npadding:0px 0px 0px 0px;\n}\n.responsive #top #wrap_all .flex_column.av-10bf2-9-2dd9ab82bdbd26845f4aeddde6c9c5b2{\nmargin-top:20px;\nmargin-bottom:20px;\n}\n<\/style>\n<div  id=\"download\"  class='flex_column av-10bf2-9-2dd9ab82bdbd26845f4aeddde6c9c5b2 av_one_full  avia-builder-el-10  el_after_av_one_full  avia-builder-el-last  first flex_column_div av-zero-column-padding  column-top-margin'     ><section  class='av_textblock_section av-k7hrjdpb-8-0bd345e5605c13b66943712808ed71b9 '   itemscope=\"itemscope\" itemtype=\"https:\/\/schema.org\/CreativeWork\" ><div class='avia_textblock headline_v1'  itemprop=\"text\" ><h1>Downloads<\/h1>\n<\/div><\/section><br \/>\n\n<style type=\"text\/css\" data-created_by=\"avia_inline_auto\" id=\"style-css-av-k7hrm02d-6-116f98fd084244d4e6d98738c83761e3\">\n#top .hr.hr-invisible.av-k7hrm02d-6-116f98fd084244d4e6d98738c83761e3{\nheight:10px;\n}\n<\/style>\n<div  class='hr av-k7hrm02d-6-116f98fd084244d4e6d98738c83761e3 hr-invisible  avia-builder-el-12  el_after_av_textblock  el_before_av_textblock '><span class='hr-inner '><span class=\"hr-inner-style\"><\/span><\/span><\/div><br \/>\n\n<style type=\"text\/css\" data-created_by=\"avia_inline_auto\" id=\"style-css-av-krw35oqk-7626d2c1e5f896db4346bb73ca5bfce7\">\n\n@media only screen and (max-width: 479px){ \n#top .av_textblock_section.av-krw35oqk-7626d2c1e5f896db4346bb73ca5bfce7 .avia_textblock{\nfont-size:15px;\n}\n}\n<\/style>\n<section  class='av_textblock_section av-krw35oqk-7626d2c1e5f896db4346bb73ca5bfce7 '   itemscope=\"itemscope\" itemtype=\"https:\/\/schema.org\/CreativeWork\" ><div class='avia_textblock'  itemprop=\"text\" ><p><a href=\"https:\/\/www.swissbanking.ch\/_Resources\/Persistent\/c\/8\/4\/0\/c840d1f03cf558c4a0dddcc9f94cb8e5c984125e\/SBA_Risks_Involved_in_Trading_Financial_Instruments_2019_EN.pdf\" target=\"_blank\" rel=\"noopener\">Risks Involved in Trading Financial Instruments<\/a><\/p>\n<p><a href=\"https:\/\/beerlipartner.ch\/site\/wp-content\/uploads\/2026\/04\/FINSA-Client-information.pdf\" target=\"_blank\" rel=\"noopener\">FINSA Client information<\/a><\/p>\n<p><a href=\"https:\/\/beerlipartner.ch\/site\/wp-content\/uploads\/2023\/08\/Client-Information-on-Data-Protection-BuP.pdf\" target=\"_blank\" rel=\"noopener\">Client Information on Data Protection<\/a><\/p>\n<\/div><\/section><\/p><\/div>\n","protected":false},"excerpt":{"rendered":"","protected":false},"author":1,"featured_media":0,"parent":0,"menu_order":25,"comment_status":"closed","ping_status":"closed","template":"","meta":{"footnotes":""},"class_list":["post-1067","page","type-page","status-publish","hentry"],"_links":{"self":[{"href":"https:\/\/beerlipartner.ch\/pt-br\/wp-json\/wp\/v2\/pages\/1067"}],"collection":[{"href":"https:\/\/beerlipartner.ch\/pt-br\/wp-json\/wp\/v2\/pages"}],"about":[{"href":"https:\/\/beerlipartner.ch\/pt-br\/wp-json\/wp\/v2\/types\/page"}],"author":[{"embeddable":true,"href":"https:\/\/beerlipartner.ch\/pt-br\/wp-json\/wp\/v2\/users\/1"}],"replies":[{"embeddable":true,"href":"https:\/\/beerlipartner.ch\/pt-br\/wp-json\/wp\/v2\/comments?post=1067"}],"version-history":[{"count":2,"href":"https:\/\/beerlipartner.ch\/pt-br\/wp-json\/wp\/v2\/pages\/1067\/revisions"}],"predecessor-version":[{"id":2372,"href":"https:\/\/beerlipartner.ch\/pt-br\/wp-json\/wp\/v2\/pages\/1067\/revisions\/2372"}],"wp:attachment":[{"href":"https:\/\/beerlipartner.ch\/pt-br\/wp-json\/wp\/v2\/media?parent=1067"}],"curies":[{"name":"wp","href":"https:\/\/api.w.org\/{rel}","templated":true}]}}