{"id":1042,"date":"2020-03-07T16:45:34","date_gmt":"2020-03-07T15:45:34","guid":{"rendered":"https:\/\/beerlipartner.ch\/site\/facts-figures\/"},"modified":"2026-02-02T11:08:18","modified_gmt":"2026-02-02T10:08:18","slug":"nossa-experiencia","status":"publish","type":"page","link":"https:\/\/beerlipartner.ch\/pt-br\/nossa-experiencia\/","title":{"rendered":"Experi\u00eancia"},"content":{"rendered":"\n<style type=\"text\/css\" data-created_by=\"avia_inline_auto\" id=\"style-css-av-10bf2-761231be5d4d566df3231f1fb9ed9faf\">\n#top .flex_column.av-10bf2-761231be5d4d566df3231f1fb9ed9faf{\nmargin-top:20px;\nmargin-bottom:20px;\n}\n.flex_column.av-10bf2-761231be5d4d566df3231f1fb9ed9faf{\nborder-radius:0px 0px 0px 0px;\npadding:0px 0px 0px 0px;\n}\n.responsive #top #wrap_all .flex_column.av-10bf2-761231be5d4d566df3231f1fb9ed9faf{\nmargin-top:20px;\nmargin-bottom:20px;\n}\n<\/style>\n<div  class='flex_column av-10bf2-761231be5d4d566df3231f1fb9ed9faf av_one_full  avia-builder-el-0  el_before_av_one_third  avia-builder-el-first  first flex_column_div av-zero-column-padding  '     ><section  class='av_textblock_section av-k7hrjdpb-bcbad859626b1192919c9925143c870a '   itemscope=\"itemscope\" itemtype=\"https:\/\/schema.org\/CreativeWork\" ><div class='avia_textblock headline_v1'  itemprop=\"text\" ><h1>Nossa experi\u00eancia<\/h1>\n<\/div><\/section><br \/>\n\n<style type=\"text\/css\" data-created_by=\"avia_inline_auto\" id=\"style-css-av-k7hrm02d-b0554df86e50efa1cd135235b9051428\">\n#top .hr.hr-invisible.av-k7hrm02d-b0554df86e50efa1cd135235b9051428{\nheight:10px;\n}\n<\/style>\n<div  class='hr av-k7hrm02d-b0554df86e50efa1cd135235b9051428 hr-invisible  avia-builder-el-2  el_after_av_textblock  avia-builder-el-last '><span class='hr-inner '><span class=\"hr-inner-style\"><\/span><\/span><\/div><\/p><\/div>\n<div class='flex_column_table av-bryz5-b2aa7abd934eb2ff551ae28162fac9be sc-av_one_third av-equal-height-column-flextable'>\n<style type=\"text\/css\" data-created_by=\"avia_inline_auto\" id=\"style-css-av-bryz5-b2aa7abd934eb2ff551ae28162fac9be\">\n#top .flex_column_table.av-equal-height-column-flextable.av-bryz5-b2aa7abd934eb2ff551ae28162fac9be{\nmargin-top:0px;\nmargin-bottom:0px;\n}\n.flex_column.av-bryz5-b2aa7abd934eb2ff551ae28162fac9be{\nborder-radius:0px 0px 0px 0px;\npadding:15px 15px 0px 15px;\nbackground-color:#004b85;\n}\n<\/style>\n<div  class='flex_column av-bryz5-b2aa7abd934eb2ff551ae28162fac9be av_one_third  avia-builder-el-3  el_after_av_one_full  el_before_av_one_third  facts21-1 first flex_column_table_cell av-equal-height-column av-align-top  column-top-margin'     ><p>\n<style type=\"text\/css\" data-created_by=\"avia_inline_auto\" id=\"style-css-av-k7hshx47-00ddd0fc4920c0d7967a6888a4e99b7f\">\n.avia-animated-number.av-k7hshx47-00ddd0fc4920c0d7967a6888a4e99b7f .avia-animated-number-icon.avia-svg-icon svg:first-child{\nfill:#ffffff;\nstroke:#ffffff;\n}\n#top .avia-animated-number.av-k7hshx47-00ddd0fc4920c0d7967a6888a4e99b7f .avia-animated-number-title{\nfont-size:70px;\ncolor:#ffffff;\n}\n#top .avia-animated-number.av-k7hshx47-00ddd0fc4920c0d7967a6888a4e99b7f .avia-animated-number-content{\nfont-size:17px;\ncolor:#444444;\n}\n<\/style>\n<div  class=\"avia-animated-number av-k7hshx47-00ddd0fc4920c0d7967a6888a4e99b7f av-force-default-color avia_animate_when_visible  avia-builder-el-4  el_before_av_textblock  avia-builder-el-first  facts avia-color-font-custom \" data-timer=\"3000\"><strong class=\"heading avia-animated-number-title\"><span class=\"avia-single-number __av-single-number\" data-number_format=\"\" data-number=\"8\" data-start_from=\"0\">8<\/span><\/strong><div class=\"avia-animated-number-content\"><p>colaboradores dedicados com paix\u00e3o<\/p>\n<\/div><\/div><br \/>\n\n<style type=\"text\/css\" data-created_by=\"avia_inline_auto\" id=\"style-css-av-k7hsi9nr-f5b80e27795e52a4cbf12c266aeec125\">\n#top .av_textblock_section.av-k7hsi9nr-f5b80e27795e52a4cbf12c266aeec125 .avia_textblock{\nfont-size:15px;\ncolor:#ffffff;\n}\n<\/style>\n<section  class='av_textblock_section av-k7hsi9nr-f5b80e27795e52a4cbf12c266aeec125 '   itemscope=\"itemscope\" itemtype=\"https:\/\/schema.org\/CreativeWork\" ><div class='avia_textblock bptxtweiss av_inherit_color'  itemprop=\"text\" ><p>Os clientes t\u00eam a qualquer hora acesso aos nossos especialistas, aos nossos gestores de portf\u00f3lio e \u00e0 assessoria ao cliente.<\/p>\n<\/div><\/section><br \/>\n\n<style type=\"text\/css\" data-created_by=\"avia_inline_auto\" id=\"style-css-av-kv6uz7b2-bee535d7126c7577750a76882a50cf59\">\n#top .hr.hr-invisible.av-kv6uz7b2-bee535d7126c7577750a76882a50cf59{\nheight:7px;\n}\n<\/style>\n<div  class='hr av-kv6uz7b2-bee535d7126c7577750a76882a50cf59 hr-invisible  avia-builder-el-6  el_after_av_textblock  avia-builder-el-last  av-desktop-hide av-medium-hide'><span class='hr-inner '><span class=\"hr-inner-style\"><\/span><\/span><\/div><\/p><\/div><div class='av-flex-placeholder'><\/div>\n<style type=\"text\/css\" data-created_by=\"avia_inline_auto\" id=\"style-css-av-bryz5-18-0c36fc0b73a8bb322b576dd5b18bea07\">\n#top .flex_column_table.av-equal-height-column-flextable.av-bryz5-18-0c36fc0b73a8bb322b576dd5b18bea07{\nmargin-top:0px;\nmargin-bottom:0px;\n}\n.flex_column.av-bryz5-18-0c36fc0b73a8bb322b576dd5b18bea07{\nborder-radius:0px 0px 0px 0px;\npadding:15px 15px 0px 15px;\nbackground-color:#5a87ae;\n}\n<\/style>\n<div  class='flex_column av-bryz5-18-0c36fc0b73a8bb322b576dd5b18bea07 av_one_third  avia-builder-el-7  el_after_av_one_third  el_before_av_one_third  flex_column_table_cell av-equal-height-column av-align-top  column-top-margin'     ><p>\n<style type=\"text\/css\" data-created_by=\"avia_inline_auto\" id=\"style-css-av-k7hshx47-17-65c29f79bd77d6a1352744b32c3a691d\">\n.avia-animated-number.av-k7hshx47-17-65c29f79bd77d6a1352744b32c3a691d .avia-animated-number-icon.avia-svg-icon svg:first-child{\nfill:#ffffff;\nstroke:#ffffff;\n}\n#top .avia-animated-number.av-k7hshx47-17-65c29f79bd77d6a1352744b32c3a691d .avia-animated-number-title{\nfont-size:70px;\ncolor:#ffffff;\n}\n#top .avia-animated-number.av-k7hshx47-17-65c29f79bd77d6a1352744b32c3a691d .avia-animated-number-content{\nfont-size:17px;\ncolor:#444444;\n}\n<\/style>\n<div  class=\"avia-animated-number av-k7hshx47-17-65c29f79bd77d6a1352744b32c3a691d av-force-default-color avia_animate_when_visible  avia-builder-el-8  el_before_av_textblock  avia-builder-el-first  facts avia-color-font-custom \" data-timer=\"58000\"><strong class=\"heading avia-animated-number-title\"><span class=\"avia-single-number __av-single-number\" data-number_format=\"\" data-number=\"217\" data-start_from=\"0\">217<\/span><\/strong><div class=\"avia-animated-number-content\"><p>anos de experi\u00eancia profissional<\/p>\n<\/div><\/div><br \/>\n\n<style type=\"text\/css\" data-created_by=\"avia_inline_auto\" id=\"style-css-av-k7hsi9nr-16-c60033cec39eca21f6e0c9a0c6c66661\">\n#top .av_textblock_section.av-k7hsi9nr-16-c60033cec39eca21f6e0c9a0c6c66661 .avia_textblock{\nfont-size:15px;\ncolor:#ffffff;\n}\n<\/style>\n<section  class='av_textblock_section av-k7hsi9nr-16-c60033cec39eca21f6e0c9a0c6c66661 '   itemscope=\"itemscope\" itemtype=\"https:\/\/schema.org\/CreativeWork\" ><div class='avia_textblock bptxtweiss av_inherit_color'  itemprop=\"text\" ><p>Os juristas, a assessoria ao cliente, os especialistas em assuntos banc\u00e1rios e gestores de portf\u00f3lio conhecem profundamente o mercado e o neg\u00f3cio patrimonial.<\/p>\n<\/div><\/section><br \/>\n\n<style type=\"text\/css\" data-created_by=\"avia_inline_auto\" id=\"style-css-av-ak2i8y-b11078b3243ac988b8645974512f5e9e\">\n#top .hr.hr-invisible.av-ak2i8y-b11078b3243ac988b8645974512f5e9e{\nheight:7px;\n}\n<\/style>\n<div  class='hr av-ak2i8y-b11078b3243ac988b8645974512f5e9e hr-invisible  avia-builder-el-10  el_after_av_textblock  avia-builder-el-last  av-desktop-hide av-medium-hide'><span class='hr-inner '><span class=\"hr-inner-style\"><\/span><\/span><\/div><\/p><\/div><div class='av-flex-placeholder'><\/div>\n<style type=\"text\/css\" data-created_by=\"avia_inline_auto\" id=\"style-css-av-bryz5-15-bfc6dcf471ce15082857dc4c09c4f5eb\">\n#top .flex_column_table.av-equal-height-column-flextable.av-bryz5-15-bfc6dcf471ce15082857dc4c09c4f5eb{\nmargin-top:0px;\nmargin-bottom:0px;\n}\n.flex_column.av-bryz5-15-bfc6dcf471ce15082857dc4c09c4f5eb{\nborder-radius:0px 0px 0px 0px;\npadding:15px 15px 0px 15px;\nbackground-color:#195b8f;\n}\n<\/style>\n<div  class='flex_column av-bryz5-15-bfc6dcf471ce15082857dc4c09c4f5eb av_one_third  avia-builder-el-11  el_after_av_one_third  el_before_av_one_fifth  flex_column_table_cell av-equal-height-column av-align-top  column-top-margin'     ><p>\n<style type=\"text\/css\" data-created_by=\"avia_inline_auto\" id=\"style-css-av-k7hshx47-14-e64be334833b9a1b587973757f8b87c7\">\n.avia-animated-number.av-k7hshx47-14-e64be334833b9a1b587973757f8b87c7 .avia-animated-number-icon.avia-svg-icon svg:first-child{\nfill:#ffffff;\nstroke:#ffffff;\n}\n#top .avia-animated-number.av-k7hshx47-14-e64be334833b9a1b587973757f8b87c7 .avia-animated-number-title{\nfont-size:70px;\ncolor:#ffffff;\n}\n#top .avia-animated-number.av-k7hshx47-14-e64be334833b9a1b587973757f8b87c7 .avia-animated-number-content{\nfont-size:17px;\n}\n<\/style>\n<div  id=\"facts-weeks-since-founding\"  class=\"avia-animated-number av-k7hshx47-14-e64be334833b9a1b587973757f8b87c7 av-force-default-color avia_animate_when_visible  avia-builder-el-12  el_before_av_textblock  avia-builder-el-first  facts avia-color-font-custom \" data-timer=\"10000\"><strong class=\"heading avia-animated-number-title\"><span class=\"avia-single-number __av-single-number\" data-number_format=\"\" data-number=\"1478\" data-start_from=\"0\">1478<\/span><\/strong><div class=\"avia-animated-number-content\"><p>semanas disponibilidade<\/p>\n<\/div><\/div><br \/>\n\n<style type=\"text\/css\" data-created_by=\"avia_inline_auto\" id=\"style-css-av-k7hsi9nr-13-ebb0c978a32721b2e47379dd696bd268\">\n#top .av_textblock_section.av-k7hsi9nr-13-ebb0c978a32721b2e47379dd696bd268 .avia_textblock{\nfont-size:15px;\ncolor:#ffffff;\n}\n<\/style>\n<section  class='av_textblock_section av-k7hsi9nr-13-ebb0c978a32721b2e47379dd696bd268 '   itemscope=\"itemscope\" itemtype=\"https:\/\/schema.org\/CreativeWork\" ><div class='avia_textblock bptxtweiss av_inherit_color'  itemprop=\"text\" ><p>Os nossos funcion\u00e1rios mostram um empenho incans\u00e1vel desde que a nossa firma foi constitu\u00edda em 1998.<\/p>\n<\/div><\/section><br \/>\n\n<style type=\"text\/css\" data-created_by=\"avia_inline_auto\" id=\"style-css-av-92kpjm-875689dfaa45912d668999c0bc3034c0\">\n#top .hr.hr-invisible.av-92kpjm-875689dfaa45912d668999c0bc3034c0{\nheight:7px;\n}\n<\/style>\n<div  class='hr av-92kpjm-875689dfaa45912d668999c0bc3034c0 hr-invisible  avia-builder-el-14  el_after_av_textblock  avia-builder-el-last  av-desktop-hide av-medium-hide'><span class='hr-inner '><span class=\"hr-inner-style\"><\/span><\/span><\/div><\/p><\/div><\/div><!--close column table wrapper. Autoclose: 1 --><\/p>\n<div class='flex_column_table av-bryz5-12-1f9b680d19701cd2ce8f7f8fea69c1e0 sc-av_one_fifth av-equal-height-column-flextable'>\n<style type=\"text\/css\" data-created_by=\"avia_inline_auto\" id=\"style-css-av-bryz5-12-1f9b680d19701cd2ce8f7f8fea69c1e0\">\n#top .flex_column_table.av-equal-height-column-flextable.av-bryz5-12-1f9b680d19701cd2ce8f7f8fea69c1e0{\nmargin-top:10px;\nmargin-bottom:0px;\n}\n.flex_column.av-bryz5-12-1f9b680d19701cd2ce8f7f8fea69c1e0{\nborder-radius:0px 0px 0px 0px;\npadding:15px 15px 15px 15px;\nbackground-color:#004b85;\n}\n<\/style>\n<div  class='flex_column av-bryz5-12-1f9b680d19701cd2ce8f7f8fea69c1e0 av_one_fifth  avia-builder-el-15  el_after_av_one_third  el_before_av_four_fifth  first no_margin flex_column_table_cell av-equal-height-column av-align-middle  column-top-margin'     ><p>\n<style type=\"text\/css\" data-created_by=\"avia_inline_auto\" id=\"style-css-av-k7hshx47-11-f68ef57d87880139bf528e44f2a68561\">\n.avia-animated-number.av-k7hshx47-11-f68ef57d87880139bf528e44f2a68561 .avia-animated-number-icon.avia-svg-icon svg:first-child{\nfill:#ffffff;\nstroke:#ffffff;\n}\n#top .avia-animated-number.av-k7hshx47-11-f68ef57d87880139bf528e44f2a68561 .avia-animated-number-title{\nfont-size:70px;\ncolor:#ffffff;\n}\n#top .avia-animated-number.av-k7hshx47-11-f68ef57d87880139bf528e44f2a68561 .avia-animated-number-content{\nfont-size:17px;\n}\n<\/style>\n<div  class=\"avia-animated-number av-k7hshx47-11-f68ef57d87880139bf528e44f2a68561 av-force-default-color avia_animate_when_visible  avia-builder-el-16  el_before_av_hr  avia-builder-el-first  factspt avia-color-font-custom \" data-timer=\"10000\"><strong class=\"heading avia-animated-number-title\"><span class=\"avia-single-number __av-single-number\" data-number_format=\"\" data-number=\"3\" data-start_from=\"0\">3<\/span><\/strong><div class=\"avia-animated-number-content\"><p>partes envolvidas<\/p>\n<\/div><\/div><br \/>\n\n<style type=\"text\/css\" data-created_by=\"avia_inline_auto\" id=\"style-css-av-kv6uzrza-cdb5576d06b75e4527e170d9932049fb\">\n#top .hr.hr-invisible.av-kv6uzrza-cdb5576d06b75e4527e170d9932049fb{\nheight:8px;\n}\n<\/style>\n<div  class='hr av-kv6uzrza-cdb5576d06b75e4527e170d9932049fb hr-invisible  avia-builder-el-17  el_after_av_animated_numbers  avia-builder-el-last  av-desktop-hide av-medium-hide'><span class='hr-inner '><span class=\"hr-inner-style\"><\/span><\/span><\/div><\/p><\/div>\n\n<style type=\"text\/css\" data-created_by=\"avia_inline_auto\" id=\"style-css-av-kt330eiw-ae62e14ccefd0d65e6f52eaff2919aac\">\n#top .flex_column_table.av-equal-height-column-flextable.av-kt330eiw-ae62e14ccefd0d65e6f52eaff2919aac{\nmargin-top:10px;\nmargin-bottom:0px;\n}\n.flex_column.av-kt330eiw-ae62e14ccefd0d65e6f52eaff2919aac{\npadding:15px 15px 15px 15px;\nbackground-color:#004b85;\n}\n<\/style>\n<div  class='flex_column av-kt330eiw-ae62e14ccefd0d65e6f52eaff2919aac av_four_fifth  avia-builder-el-18  el_after_av_one_fifth  el_before_av_one_third  parteiencontent no_margin flex_column_table_cell av-equal-height-column av-align-middle  column-top-margin'     ><p>\n<style type=\"text\/css\" data-created_by=\"avia_inline_auto\" id=\"style-css-av-k7hsi9nr-10-cfa52ce1b36489a8305cfdc9678a509c\">\n#top .av_textblock_section.av-k7hsi9nr-10-cfa52ce1b36489a8305cfdc9678a509c .avia_textblock{\nfont-size:15px;\ncolor:#ffffff;\n}\n<\/style>\n<section  class='av_textblock_section av-k7hsi9nr-10-cfa52ce1b36489a8305cfdc9678a509c '   itemscope=\"itemscope\" itemtype=\"https:\/\/schema.org\/CreativeWork\" ><div class='avia_textblock factsquer av_inherit_color'  itemprop=\"text\" ><p>Pa\u00eds, banco, Beerli &amp; Partner: O mercado financeiro tradicional da Su\u00ed\u00e7a garante seguran\u00e7a no planejamento. O seu sistema financeiro liberal, bem como a sua estreita colabora\u00e7\u00e3o com mercados internacionais s\u00e3o s\u00f3 algumas das suas caracter\u00edsticas. A su\u00ed\u00e7a \u00e9 o pa\u00eds mais competitivo e mais inovador do mundo sob o ponto de vista das finan\u00e7as. A nossa equipe altamente competente combina experi\u00eancia internacional e de d\u00e9cadas com uma forma muito flex\u00edvel, inovadora de pensar e de operar.<\/p>\n<\/div><\/section><br \/>\n\n<style type=\"text\/css\" data-created_by=\"avia_inline_auto\" id=\"style-css-av-71r6jm-6f2177b0261584b9e71ae0f16ecd19d3\">\n#top .hr.hr-invisible.av-71r6jm-6f2177b0261584b9e71ae0f16ecd19d3{\nheight:7px;\n}\n<\/style>\n<div  class='hr av-71r6jm-6f2177b0261584b9e71ae0f16ecd19d3 hr-invisible  avia-builder-el-20  el_after_av_textblock  avia-builder-el-last  av-desktop-hide av-medium-hide'><span class='hr-inner '><span class=\"hr-inner-style\"><\/span><\/span><\/div><\/p><\/div><\/div><!--close column table wrapper. Autoclose: 1 -->\n<div class='flex_column_table av-bryz5-9-28a9d5460ca3da6013019172c5734b9c sc-av_one_third av-equal-height-column-flextable'>\n<style type=\"text\/css\" data-created_by=\"avia_inline_auto\" id=\"style-css-av-bryz5-9-28a9d5460ca3da6013019172c5734b9c\">\n#top .flex_column_table.av-equal-height-column-flextable.av-bryz5-9-28a9d5460ca3da6013019172c5734b9c{\nmargin-top:10px;\nmargin-bottom:10px;\n}\n.flex_column.av-bryz5-9-28a9d5460ca3da6013019172c5734b9c{\nborder-radius:0px 0px 0px 0px;\npadding:15px 15px 0px 15px;\nbackground-color:#5a87ae;\n}\n<\/style>\n<div  class='flex_column av-bryz5-9-28a9d5460ca3da6013019172c5734b9c av_one_third  avia-builder-el-21  el_after_av_four_fifth  el_before_av_one_third  first flex_column_table_cell av-equal-height-column av-align-top  '     ><p>\n<style type=\"text\/css\" data-created_by=\"avia_inline_auto\" id=\"style-css-av-k7hshx47-8-43aa586ebb479231699cd8d578fc914f\">\n.avia-animated-number.av-k7hshx47-8-43aa586ebb479231699cd8d578fc914f .avia-animated-number-icon.avia-svg-icon svg:first-child{\nfill:#ffffff;\nstroke:#ffffff;\n}\n#top .avia-animated-number.av-k7hshx47-8-43aa586ebb479231699cd8d578fc914f .avia-animated-number-title{\nfont-size:70px;\ncolor:#ffffff;\n}\n#top .avia-animated-number.av-k7hshx47-8-43aa586ebb479231699cd8d578fc914f .avia-animated-number-content{\nfont-size:17px;\ncolor:#444444;\n}\n<\/style>\n<div  class=\"avia-animated-number av-k7hshx47-8-43aa586ebb479231699cd8d578fc914f av-force-default-color avia_animate_when_visible  avia-builder-el-22  el_before_av_textblock  avia-builder-el-first  facts avia-color-font-custom \" data-timer=\"10000\"><strong class=\"heading avia-animated-number-title\"><span class=\"avia-single-number __av-single-number\" data-number_format=\"\" data-number=\"6\" data-start_from=\"0\">6<\/span><\/strong><div class=\"avia-animated-number-content\"><p>l\u00ednguas<\/p>\n<\/div><\/div><br \/>\n\n<style type=\"text\/css\" data-created_by=\"avia_inline_auto\" id=\"style-css-av-k7hsi9nr-7-332b2f7961bc57f97dcb67c2e6115be7\">\n#top .av_textblock_section.av-k7hsi9nr-7-332b2f7961bc57f97dcb67c2e6115be7 .avia_textblock{\nfont-size:15px;\ncolor:#ffffff;\n}\n<\/style>\n<section  class='av_textblock_section av-k7hsi9nr-7-332b2f7961bc57f97dcb67c2e6115be7 '   itemscope=\"itemscope\" itemtype=\"https:\/\/schema.org\/CreativeWork\" ><div class='avia_textblock bptxtweiss av_inherit_color'  itemprop=\"text\" ><p>Alem\u00e3o, ingl\u00eas, portugu\u00eas, espanhol, franc\u00eas, italiano \u2013 os clientes conversam conosco na sua l\u00edngua materna.<\/p>\n<\/div><\/section><br \/>\n\n<style type=\"text\/css\" data-created_by=\"avia_inline_auto\" id=\"style-css-av-5w3p2a-d1f4c35141cb0a490358720c7cce5f86\">\n#top .hr.hr-invisible.av-5w3p2a-d1f4c35141cb0a490358720c7cce5f86{\nheight:7px;\n}\n<\/style>\n<div  class='hr av-5w3p2a-d1f4c35141cb0a490358720c7cce5f86 hr-invisible  avia-builder-el-24  el_after_av_textblock  avia-builder-el-last  av-desktop-hide av-medium-hide'><span class='hr-inner '><span class=\"hr-inner-style\"><\/span><\/span><\/div><\/p><\/div>\n<div class='av-flex-placeholder'><\/div>\n<style type=\"text\/css\" data-created_by=\"avia_inline_auto\" id=\"style-css-av-bryz5-6-69d89a5062e2b02a968fba922070b26d\">\n#top .flex_column_table.av-equal-height-column-flextable.av-bryz5-6-69d89a5062e2b02a968fba922070b26d{\nmargin-top:10px;\nmargin-bottom:10px;\n}\n.flex_column.av-bryz5-6-69d89a5062e2b02a968fba922070b26d{\nborder-radius:0px 0px 0px 0px;\npadding:15px 15px 0px 15px;\nbackground-color:#195b8f;\n}\n<\/style>\n<div  class='flex_column av-bryz5-6-69d89a5062e2b02a968fba922070b26d av_one_third  avia-builder-el-25  el_after_av_one_third  el_before_av_one_third  flex_column_table_cell av-equal-height-column av-align-top  '     ><p>\n<style type=\"text\/css\" data-created_by=\"avia_inline_auto\" id=\"style-css-av-k7hshx47-5-8eebec9741c7a6781cc582020a3c1c87\">\n.avia-animated-number.av-k7hshx47-5-8eebec9741c7a6781cc582020a3c1c87 .avia-animated-number-icon.avia-svg-icon svg:first-child{\nfill:#ffffff;\nstroke:#ffffff;\n}\n#top .avia-animated-number.av-k7hshx47-5-8eebec9741c7a6781cc582020a3c1c87 .avia-animated-number-title{\nfont-size:70px;\ncolor:#ffffff;\n}\n#top .avia-animated-number.av-k7hshx47-5-8eebec9741c7a6781cc582020a3c1c87 .avia-animated-number-content{\nfont-size:17px;\n}\n<\/style>\n<div  class=\"avia-animated-number av-k7hshx47-5-8eebec9741c7a6781cc582020a3c1c87 av-force-default-color avia_animate_when_visible  avia-builder-el-26  el_before_av_textblock  avia-builder-el-first  facts avia-color-font-custom \" data-timer=\"2000\"><strong class=\"heading avia-animated-number-title\"><span class=\"avia-single-number __av-single-number\" data-number_format=\"\" data-number=\"49\" data-start_from=\"0\">49<\/span><\/strong><div class=\"avia-animated-number-content\"><p>parceiros de neg\u00f3cio<\/p>\n<\/div><\/div><br \/>\n\n<style type=\"text\/css\" data-created_by=\"avia_inline_auto\" id=\"style-css-av-k7hsi9nr-4-29a4e30be12ce95a79685a26b68900b7\">\n#top .av_textblock_section.av-k7hsi9nr-4-29a4e30be12ce95a79685a26b68900b7 .avia_textblock{\nfont-size:15px;\ncolor:#ffffff;\n}\n<\/style>\n<section  class='av_textblock_section av-k7hsi9nr-4-29a4e30be12ce95a79685a26b68900b7 '   itemscope=\"itemscope\" itemtype=\"https:\/\/schema.org\/CreativeWork\" ><div class='avia_textblock bptxtweiss av_inherit_color'  itemprop=\"text\" ><p>H\u00e1 anos mantemos uma parceria, caracterizada pela confian\u00e7a, com parceiros rigorosamente selecionados e consagrados como tais.<\/p>\n<\/div><\/section><br \/>\n\n<style type=\"text\/css\" data-created_by=\"avia_inline_auto\" id=\"style-css-av-4pczjm-d21f5c168af6f25f3c80623cb0337d64\">\n#top .hr.hr-invisible.av-4pczjm-d21f5c168af6f25f3c80623cb0337d64{\nheight:7px;\n}\n<\/style>\n<div  class='hr av-4pczjm-d21f5c168af6f25f3c80623cb0337d64 hr-invisible  avia-builder-el-28  el_after_av_textblock  avia-builder-el-last  av-desktop-hide av-medium-hide'><span class='hr-inner '><span class=\"hr-inner-style\"><\/span><\/span><\/div><\/p><\/div>\n<div class='av-flex-placeholder'><\/div>\n<style type=\"text\/css\" data-created_by=\"avia_inline_auto\" id=\"style-css-av-bryz5-3-8b0334941f44bdd726aae45d20da69f7\">\n#top .flex_column_table.av-equal-height-column-flextable.av-bryz5-3-8b0334941f44bdd726aae45d20da69f7{\nmargin-top:10px;\nmargin-bottom:10px;\n}\n.flex_column.av-bryz5-3-8b0334941f44bdd726aae45d20da69f7{\nborder-radius:0px 0px 0px 0px;\npadding:15px 15px 0px 15px;\nbackground-color:#014883;\n}\n<\/style>\n<div  class='flex_column av-bryz5-3-8b0334941f44bdd726aae45d20da69f7 av_one_third  avia-builder-el-29  el_after_av_one_third  el_before_av_hr  flex_column_table_cell av-equal-height-column av-align-top  '     ><p>\n<style type=\"text\/css\" data-created_by=\"avia_inline_auto\" id=\"style-css-av-k7hshx47-2-4eba74587f5317125dd859a04ba12c0f\">\n.avia-animated-number.av-k7hshx47-2-4eba74587f5317125dd859a04ba12c0f .avia-animated-number-icon.avia-svg-icon svg:first-child{\nfill:#ffffff;\nstroke:#ffffff;\n}\n#top .avia-animated-number.av-k7hshx47-2-4eba74587f5317125dd859a04ba12c0f .avia-animated-number-title{\nfont-size:70px;\ncolor:#ffffff;\n}\n#top .avia-animated-number.av-k7hshx47-2-4eba74587f5317125dd859a04ba12c0f .avia-animated-number-content{\nfont-size:17px;\n}\n<\/style>\n<div  class=\"avia-animated-number av-k7hshx47-2-4eba74587f5317125dd859a04ba12c0f av-force-default-color avia_animate_when_visible  avia-builder-el-30  el_before_av_textblock  avia-builder-el-first  facts avia-color-font-custom \" data-timer=\"10000\"><strong class=\"heading avia-animated-number-title\"><span class=\"avia-single-number __av-single-number\" data-number_format=\"\" data-number=\"21\" data-start_from=\"0\">21<\/span><\/strong><div class=\"avia-animated-number-content\"><p>pa\u00edses<\/p>\n<\/div><\/div><br \/>\n\n<style type=\"text\/css\" data-created_by=\"avia_inline_auto\" id=\"style-css-av-k7hsi9nr-1-1319d08b5e42076217c53ec33b679ba9\">\n#top .av_textblock_section.av-k7hsi9nr-1-1319d08b5e42076217c53ec33b679ba9 .avia_textblock{\nfont-size:15px;\ncolor:#ffffff;\n}\n<\/style>\n<section  class='av_textblock_section av-k7hsi9nr-1-1319d08b5e42076217c53ec33b679ba9 '   itemscope=\"itemscope\" itemtype=\"https:\/\/schema.org\/CreativeWork\" ><div class='avia_textblock bptxtweiss av_inherit_color'  itemprop=\"text\" ><p>Enraizados regionalmente e operando mundialmente: clientes em todo o mundo nos depositam confian\u00e7a.<\/p>\n<\/div><\/section><br \/>\n\n<style type=\"text\/css\" data-created_by=\"avia_inline_auto\" id=\"style-css-av-1visiq-d9097c2860a644efe54c5144c3b57c79\">\n#top .hr.hr-invisible.av-1visiq-d9097c2860a644efe54c5144c3b57c79{\nheight:7px;\n}\n<\/style>\n<div  class='hr av-1visiq-d9097c2860a644efe54c5144c3b57c79 hr-invisible  avia-builder-el-32  el_after_av_textblock  avia-builder-el-last  av-desktop-hide av-medium-hide'><span class='hr-inner '><span class=\"hr-inner-style\"><\/span><\/span><\/div><\/p><\/div><\/div><!--close column table wrapper. Autoclose: 1 -->\n\n<style type=\"text\/css\" data-created_by=\"avia_inline_auto\" id=\"style-css-av-kt4hydnq-f651b805960910187a7a5806489642f4\">\n#top .hr.hr-invisible.av-kt4hydnq-f651b805960910187a7a5806489642f4{\nheight:50px;\n}\n<\/style>\n<div  class='hr av-kt4hydnq-f651b805960910187a7a5806489642f4 hr-invisible  avia-builder-el-33  el_after_av_one_third  avia-builder-el-last '><span class='hr-inner '><span class=\"hr-inner-style\"><\/span><\/span><\/div>\n","protected":false},"excerpt":{"rendered":"","protected":false},"author":1,"featured_media":0,"parent":0,"menu_order":40,"comment_status":"closed","ping_status":"closed","template":"","meta":{"footnotes":""},"class_list":["post-1042","page","type-page","status-publish","hentry"],"_links":{"self":[{"href":"https:\/\/beerlipartner.ch\/pt-br\/wp-json\/wp\/v2\/pages\/1042"}],"collection":[{"href":"https:\/\/beerlipartner.ch\/pt-br\/wp-json\/wp\/v2\/pages"}],"about":[{"href":"https:\/\/beerlipartner.ch\/pt-br\/wp-json\/wp\/v2\/types\/page"}],"author":[{"embeddable":true,"href":"https:\/\/beerlipartner.ch\/pt-br\/wp-json\/wp\/v2\/users\/1"}],"replies":[{"embeddable":true,"href":"https:\/\/beerlipartner.ch\/pt-br\/wp-json\/wp\/v2\/comments?post=1042"}],"version-history":[{"count":0,"href":"https:\/\/beerlipartner.ch\/pt-br\/wp-json\/wp\/v2\/pages\/1042\/revisions"}],"wp:attachment":[{"href":"https:\/\/beerlipartner.ch\/pt-br\/wp-json\/wp\/v2\/media?parent=1042"}],"curies":[{"name":"wp","href":"https:\/\/api.w.org\/{rel}","templated":true}]}}