{"id":1038,"date":"2020-03-07T16:45:09","date_gmt":"2020-03-07T15:45:09","guid":{"rendered":"https:\/\/beerlipartner.ch\/site\/leistungen\/"},"modified":"2022-01-25T09:06:13","modified_gmt":"2022-01-25T08:06:13","slug":"servicos","status":"publish","type":"page","link":"https:\/\/beerlipartner.ch\/pt-br\/servicos\/","title":{"rendered":"Servi\u00e7os"},"content":{"rendered":"\n<style type=\"text\/css\" data-created_by=\"avia_inline_auto\" id=\"style-css-av-10bf2-7854f6490edaf78d02b520203e21b654\">\n#top .flex_column.av-10bf2-7854f6490edaf78d02b520203e21b654{\nmargin-top:20px;\nmargin-bottom:40px;\n}\n.flex_column.av-10bf2-7854f6490edaf78d02b520203e21b654{\nborder-radius:0px 0px 0px 0px;\npadding:0px 0px 0px 0px;\n}\n.responsive #top #wrap_all .flex_column.av-10bf2-7854f6490edaf78d02b520203e21b654{\nmargin-top:20px;\nmargin-bottom:40px;\n}\n<\/style>\n<div  class='flex_column av-10bf2-7854f6490edaf78d02b520203e21b654 av_one_full  avia-builder-el-0  avia-builder-el-no-sibling  first flex_column_div av-zero-column-padding  '     ><section  class='av_textblock_section av-k7hrjdpb-bcbad859626b1192919c9925143c870a '   itemscope=\"itemscope\" itemtype=\"https:\/\/schema.org\/CreativeWork\" ><div class='avia_textblock headline_v1'  itemprop=\"text\" ><h1>Nossos servi\u00e7os<\/h1>\n<\/div><\/section><br \/>\n\n<style type=\"text\/css\" data-created_by=\"avia_inline_auto\" id=\"style-css-av-k7hrm02d-26391abed943e1959f3544c2940c5ec2\">\n#top .hr.hr-invisible.av-k7hrm02d-26391abed943e1959f3544c2940c5ec2{\nmargin-top:0px;\nheight:1px;\n}\n<\/style>\n<div  class='hr av-k7hrm02d-26391abed943e1959f3544c2940c5ec2 hr-invisible  avia-builder-el-2  el_after_av_textblock  el_before_av_textblock '><span class='hr-inner '><span class=\"hr-inner-style\"><\/span><\/span><\/div><br \/>\n\n<style type=\"text\/css\" data-created_by=\"avia_inline_auto\" id=\"style-css-av-k7hrjvte-d07f2845141a725a05fceaa94954697c\">\n#top .av_textblock_section.av-k7hrjvte-d07f2845141a725a05fceaa94954697c .avia_textblock{\nfont-size:17px;\n}\n<\/style>\n<section  class='av_textblock_section av-k7hrjvte-d07f2845141a725a05fceaa94954697c '   itemscope=\"itemscope\" itemtype=\"https:\/\/schema.org\/CreativeWork\" ><div class='avia_textblock bptxt'  itemprop=\"text\" ><p>Cuidamos para que os patrim\u00f4nios dos nossos clientes se multipliquem e se mantenham por gera\u00e7\u00f5es.<\/p>\n<p>Tratamos de todos os assuntos que digam respeito \u00e0s finan\u00e7as. Como parceiro de confian\u00e7a e, na qualidade de intermediador junto a bancos, tudo passa pelas nossas m\u00e3os \u2013 da maneira direta, r\u00e1pida e f\u00e1cil.<\/p>\n<p>Os nossos especialistas e gestores de carteiras administram o seu portf\u00f3lio conforme estrat\u00e9gias de investimento estabelecidas. Sempre mantendo regularmente contato direto com os clientes.<\/p>\n<p>A gest\u00e3o de fundos a longo prazo \u00e9 a nossa principal compet\u00eancia. Focamos a nossa aten\u00e7\u00e3o nele. Nas \u00e1reas de seguro, de assessoria jur\u00eddica e fiduci\u00e1ria trabalhamos com parceiros de anos que se consagraram pela qualidade dos seus servi\u00e7os.<\/p>\n<\/div><\/section><\/p><\/div>\n","protected":false},"excerpt":{"rendered":"","protected":false},"author":1,"featured_media":0,"parent":0,"menu_order":30,"comment_status":"closed","ping_status":"closed","template":"","meta":{"footnotes":""},"class_list":["post-1038","page","type-page","status-publish","hentry"],"_links":{"self":[{"href":"https:\/\/beerlipartner.ch\/pt-br\/wp-json\/wp\/v2\/pages\/1038"}],"collection":[{"href":"https:\/\/beerlipartner.ch\/pt-br\/wp-json\/wp\/v2\/pages"}],"about":[{"href":"https:\/\/beerlipartner.ch\/pt-br\/wp-json\/wp\/v2\/types\/page"}],"author":[{"embeddable":true,"href":"https:\/\/beerlipartner.ch\/pt-br\/wp-json\/wp\/v2\/users\/1"}],"replies":[{"embeddable":true,"href":"https:\/\/beerlipartner.ch\/pt-br\/wp-json\/wp\/v2\/comments?post=1038"}],"version-history":[{"count":0,"href":"https:\/\/beerlipartner.ch\/pt-br\/wp-json\/wp\/v2\/pages\/1038\/revisions"}],"wp:attachment":[{"href":"https:\/\/beerlipartner.ch\/pt-br\/wp-json\/wp\/v2\/media?parent=1038"}],"curies":[{"name":"wp","href":"https:\/\/api.w.org\/{rel}","templated":true}]}}